{"id":708,"date":"2015-07-29T13:44:44","date_gmt":"2015-07-29T13:44:44","guid":{"rendered":"https:\/\/elearning.sites.qsandbox.com\/?page_id=4"},"modified":"2026-03-02T16:34:15","modified_gmt":"2026-03-02T20:34:15","slug":"home","status":"publish","type":"page","link":"https:\/\/www.heroesdeatacama.cl\/","title":{"rendered":"INICIO"},"content":{"rendered":"\t\t<div data-elementor-type=\"wp-page\" data-elementor-id=\"708\" class=\"elementor elementor-708\">\n\t\t\t\t\t\t<section class=\"elementor-section elementor-top-section elementor-element elementor-element-6c15a42 elementor-section-boxed elementor-section-height-default elementor-section-height-default\" data-id=\"6c15a42\" data-element_type=\"section\">\n\t\t\t\t\t\t<div class=\"elementor-container elementor-column-gap-default\">\n\t\t\t\t\t<div class=\"elementor-column elementor-col-100 elementor-top-column elementor-element elementor-element-2b1aea1\" data-id=\"2b1aea1\" data-element_type=\"column\">\n\t\t\t<div class=\"elementor-widget-wrap elementor-element-populated\">\n\t\t\t\t\t\t<div class=\"elementor-element elementor-element-6489ba2 elementor-widget elementor-widget-image\" data-id=\"6489ba2\" data-element_type=\"widget\" data-widget_type=\"image.default\">\n\t\t\t\t<div class=\"elementor-widget-container\">\n\t\t\t\t\t\t\t\t\t\t\t\t\t\t\t<img fetchpriority=\"high\" decoding=\"async\" width=\"640\" height=\"805\" src=\"https:\/\/www.heroesdeatacama.cl\/wp-content\/uploads\/2026\/03\/Actualizado-02-03.png\" class=\"attachment-large size-large wp-image-3132\" alt=\"\" srcset=\"https:\/\/www.heroesdeatacama.cl\/wp-content\/uploads\/2026\/03\/Actualizado-02-03.png 680w, https:\/\/www.heroesdeatacama.cl\/wp-content\/uploads\/2026\/03\/Actualizado-02-03-239x300.png 239w, https:\/\/www.heroesdeatacama.cl\/wp-content\/uploads\/2026\/03\/Actualizado-02-03-119x150.png 119w\" sizes=\"(max-width: 640px) 100vw, 640px\" \/>\t\t\t\t\t\t\t\t\t\t\t\t\t\t\t<\/div>\n\t\t\t\t<\/div>\n\t\t\t\t\t<\/div>\n\t\t<\/div>\n\t\t\t\t\t<\/div>\n\t\t<\/section>\n\t\t\t\t<section class=\"elementor-section elementor-top-section elementor-element elementor-element-ff38534 elementor-section-boxed elementor-section-height-default elementor-section-height-default\" data-id=\"ff38534\" data-element_type=\"section\">\n\t\t\t\t\t\t<div class=\"elementor-container elementor-column-gap-default\">\n\t\t\t\t\t<div class=\"elementor-column elementor-col-50 elementor-top-column elementor-element elementor-element-009e109\" data-id=\"009e109\" data-element_type=\"column\">\n\t\t\t<div class=\"elementor-widget-wrap elementor-element-populated\">\n\t\t\t\t\t\t<div class=\"elementor-element elementor-element-cd90f8d elementor-widget elementor-widget-image\" data-id=\"cd90f8d\" data-element_type=\"widget\" data-widget_type=\"image.default\">\n\t\t\t\t<div class=\"elementor-widget-container\">\n\t\t\t\t\t\t\t\t\t\t\t\t\t\t\t\t<a href=\"https:\/\/drive.google.com\/drive\/folders\/1himYG6wQ0uhamy7xwmONi3zG5bAay3HU?usp=sharing\">\n\t\t\t\t\t\t\t<img decoding=\"async\" width=\"928\" height=\"1120\" src=\"https:\/\/www.heroesdeatacama.cl\/wp-content\/uploads\/2026\/01\/Gemini_Generated_Image_ugkb1zugkb1zugkb.png\" class=\"attachment-2048x2048 size-2048x2048 wp-image-3079\" alt=\"\" srcset=\"https:\/\/www.heroesdeatacama.cl\/wp-content\/uploads\/2026\/01\/Gemini_Generated_Image_ugkb1zugkb1zugkb.png 928w, https:\/\/www.heroesdeatacama.cl\/wp-content\/uploads\/2026\/01\/Gemini_Generated_Image_ugkb1zugkb1zugkb-249x300.png 249w, https:\/\/www.heroesdeatacama.cl\/wp-content\/uploads\/2026\/01\/Gemini_Generated_Image_ugkb1zugkb1zugkb-848x1024.png 848w, https:\/\/www.heroesdeatacama.cl\/wp-content\/uploads\/2026\/01\/Gemini_Generated_Image_ugkb1zugkb1zugkb-124x150.png 124w, https:\/\/www.heroesdeatacama.cl\/wp-content\/uploads\/2026\/01\/Gemini_Generated_Image_ugkb1zugkb1zugkb-768x927.png 768w\" sizes=\"(max-width: 928px) 100vw, 928px\" \/>\t\t\t\t\t\t\t\t<\/a>\n\t\t\t\t\t\t\t\t\t\t\t\t\t\t\t<\/div>\n\t\t\t\t<\/div>\n\t\t\t\t\t<\/div>\n\t\t<\/div>\n\t\t\t\t<div class=\"elementor-column elementor-col-50 elementor-top-column elementor-element elementor-element-d393f6b\" data-id=\"d393f6b\" data-element_type=\"column\">\n\t\t\t<div class=\"elementor-widget-wrap elementor-element-populated\">\n\t\t\t\t\t\t<div class=\"elementor-element elementor-element-4240aee elementor-widget elementor-widget-image\" data-id=\"4240aee\" data-element_type=\"widget\" data-widget_type=\"image.default\">\n\t\t\t\t<div class=\"elementor-widget-container\">\n\t\t\t\t\t\t\t\t\t\t\t\t\t\t\t\t<a href=\"https:\/\/drive.google.com\/drive\/folders\/1PQwtxmNQk9Y4lHdeTEsK6Dj9VFMFmnUu?usp=sharing\">\n\t\t\t\t\t\t\t<img decoding=\"async\" width=\"1024\" height=\"1024\" src=\"https:\/\/www.heroesdeatacama.cl\/wp-content\/uploads\/2026\/01\/ChatGPT-Image-28-ene-2026-14_41_44.png\" class=\"attachment-1536x1536 size-1536x1536 wp-image-3080\" alt=\"\" srcset=\"https:\/\/www.heroesdeatacama.cl\/wp-content\/uploads\/2026\/01\/ChatGPT-Image-28-ene-2026-14_41_44.png 1024w, https:\/\/www.heroesdeatacama.cl\/wp-content\/uploads\/2026\/01\/ChatGPT-Image-28-ene-2026-14_41_44-300x300.png 300w, https:\/\/www.heroesdeatacama.cl\/wp-content\/uploads\/2026\/01\/ChatGPT-Image-28-ene-2026-14_41_44-150x150.png 150w, https:\/\/www.heroesdeatacama.cl\/wp-content\/uploads\/2026\/01\/ChatGPT-Image-28-ene-2026-14_41_44-768x768.png 768w\" sizes=\"(max-width: 1024px) 100vw, 1024px\" \/>\t\t\t\t\t\t\t\t<\/a>\n\t\t\t\t\t\t\t\t\t\t\t\t\t\t\t<\/div>\n\t\t\t\t<\/div>\n\t\t\t\t\t<\/div>\n\t\t<\/div>\n\t\t\t\t\t<\/div>\n\t\t<\/section>\n\t\t\t\t<section class=\"elementor-section elementor-top-section elementor-element elementor-element-21ac86e elementor-section-boxed elementor-section-height-default elementor-section-height-default\" data-id=\"21ac86e\" data-element_type=\"section\">\n\t\t\t\t\t\t<div class=\"elementor-container elementor-column-gap-default\">\n\t\t\t\t\t<div class=\"elementor-column elementor-col-100 elementor-top-column elementor-element elementor-element-3d190b5\" data-id=\"3d190b5\" data-element_type=\"column\">\n\t\t\t<div class=\"elementor-widget-wrap\">\n\t\t\t\t\t\t\t<\/div>\n\t\t<\/div>\n\t\t\t\t\t<\/div>\n\t\t<\/section>\n\t\t\t\t<section class=\"elementor-section elementor-top-section elementor-element elementor-element-416dc23 elementor-section-boxed elementor-section-height-default elementor-section-height-default\" data-id=\"416dc23\" data-element_type=\"section\">\n\t\t\t\t\t\t<div class=\"elementor-container elementor-column-gap-default\">\n\t\t\t\t\t<div class=\"elementor-column elementor-col-100 elementor-top-column elementor-element elementor-element-4415d32\" data-id=\"4415d32\" data-element_type=\"column\">\n\t\t\t<div class=\"elementor-widget-wrap elementor-element-populated\">\n\t\t\t\t\t\t<div class=\"elementor-element elementor-element-54aa594 elementor-widget__width-initial elementor-position-top elementor-widget elementor-widget-image-box\" data-id=\"54aa594\" data-element_type=\"widget\" data-widget_type=\"image-box.default\">\n\t\t\t\t<div class=\"elementor-widget-container\">\n\t\t\t\t\t<div class=\"elementor-image-box-wrapper\"><figure class=\"elementor-image-box-img\"><a href=\"https:\/\/flic.kr\/ps\/X7yMu\" tabindex=\"-1\"><img loading=\"lazy\" decoding=\"async\" width=\"2338\" height=\"1075\" src=\"https:\/\/www.heroesdeatacama.cl\/wp-content\/uploads\/2026\/02\/IMG_2570-scaled-e1772207549188.jpg\" class=\"attachment-full size-full wp-image-3106\" alt=\"\" srcset=\"https:\/\/www.heroesdeatacama.cl\/wp-content\/uploads\/2026\/02\/IMG_2570-scaled-e1772207549188.jpg 2338w, https:\/\/www.heroesdeatacama.cl\/wp-content\/uploads\/2026\/02\/IMG_2570-scaled-e1772207549188-300x138.jpg 300w, https:\/\/www.heroesdeatacama.cl\/wp-content\/uploads\/2026\/02\/IMG_2570-scaled-e1772207549188-1024x471.jpg 1024w, https:\/\/www.heroesdeatacama.cl\/wp-content\/uploads\/2026\/02\/IMG_2570-scaled-e1772207549188-150x69.jpg 150w, https:\/\/www.heroesdeatacama.cl\/wp-content\/uploads\/2026\/02\/IMG_2570-scaled-e1772207549188-768x353.jpg 768w, https:\/\/www.heroesdeatacama.cl\/wp-content\/uploads\/2026\/02\/IMG_2570-scaled-e1772207549188-1536x706.jpg 1536w, https:\/\/www.heroesdeatacama.cl\/wp-content\/uploads\/2026\/02\/IMG_2570-scaled-e1772207549188-2048x942.jpg 2048w\" sizes=\"(max-width: 2338px) 100vw, 2338px\" \/><\/a><\/figure><div class=\"elementor-image-box-content\"><h3 class=\"elementor-image-box-title\"><a href=\"https:\/\/flic.kr\/ps\/X7yMu\">Mira la galer\u00eda aqu\u00ed<\/a><\/h3><p class=\"elementor-image-box-description\">\u00a1Recorramos nuestra historia! Galer\u00eda Fotogr\u00e1fica Liceo H\u00e9roes de Atacama.\nDesde nuestra fundaci\u00f3n en 1999, hemos sido testigos del crecimiento y los logros de miles de estudiantes en Copiap\u00f3. Hoy abrimos las puertas de nuestro archivo visual para que revivas los mejores momentos en nuestras aulas, talleres y eventos especiales.\n\u2728 Te invitamos a explorar nuestra galer\u00eda y ser parte del legado de nuestros \"H\u00e9roes y Hero\u00ednas\".<\/p><\/div><\/div>\t\t\t\t<\/div>\n\t\t\t\t<\/div>\n\t\t\t\t\t<\/div>\n\t\t<\/div>\n\t\t\t\t\t<\/div>\n\t\t<\/section>\n\t\t\t\t<section class=\"elementor-section elementor-top-section elementor-element elementor-element-1fbd5e4 elementor-section-boxed elementor-section-height-default elementor-section-height-default\" data-id=\"1fbd5e4\" data-element_type=\"section\">\n\t\t\t\t\t\t<div class=\"elementor-container elementor-column-gap-default\">\n\t\t\t\t\t<div class=\"elementor-column elementor-col-100 elementor-top-column elementor-element elementor-element-a2f48d7\" data-id=\"a2f48d7\" data-element_type=\"column\">\n\t\t\t<div class=\"elementor-widget-wrap elementor-element-populated\">\n\t\t\t\t\t\t<div class=\"elementor-element elementor-element-7268783 elementor-widget elementor-widget-google_maps\" data-id=\"7268783\" data-element_type=\"widget\" data-widget_type=\"google_maps.default\">\n\t\t\t\t<div class=\"elementor-widget-container\">\n\t\t\t\t\t\t\t<div class=\"elementor-custom-embed\">\n\t\t\t<iframe loading=\"lazy\"\n\t\t\t\t\tsrc=\"https:\/\/maps.google.com\/maps?q=Avenida%20los%20Carrera2531&#038;t=m&#038;z=10&#038;output=embed&#038;iwloc=near\"\n\t\t\t\t\ttitle=\"Avenida los Carrera2531\"\n\t\t\t\t\taria-label=\"Avenida los Carrera2531\"\n\t\t\t><\/iframe>\n\t\t<\/div>\n\t\t\t\t\t\t<\/div>\n\t\t\t\t<\/div>\n\t\t\t\t\t<\/div>\n\t\t<\/div>\n\t\t\t\t\t<\/div>\n\t\t<\/section>\n\t\t\t\t<\/div>\n\t\t","protected":false},"excerpt":{"rendered":"<p>Mira la galer\u00eda aqu\u00ed \u00a1Recorramos nuestra historia! Galer\u00eda Fotogr\u00e1fica Liceo H\u00e9roes de Atacama. Desde nuestra fundaci\u00f3n en 1999, hemos sido testigos del crecimiento y los logros de miles de estudiantes en Copiap\u00f3. Hoy abrimos las puertas de nuestro archivo visual para que revivas los mejores momentos en nuestras aulas, talleres y eventos especiales. \u2728 Te [&hellip;]<\/p>\n","protected":false},"author":1,"featured_media":0,"parent":0,"menu_order":-5,"comment_status":"closed","ping_status":"closed","template":"","meta":{"footnotes":""},"class_list":["post-708","page","type-page","status-publish","hentry"],"_links":{"self":[{"href":"https:\/\/www.heroesdeatacama.cl\/index.php?rest_route=\/wp\/v2\/pages\/708","targetHints":{"allow":["GET"]}}],"collection":[{"href":"https:\/\/www.heroesdeatacama.cl\/index.php?rest_route=\/wp\/v2\/pages"}],"about":[{"href":"https:\/\/www.heroesdeatacama.cl\/index.php?rest_route=\/wp\/v2\/types\/page"}],"author":[{"embeddable":true,"href":"https:\/\/www.heroesdeatacama.cl\/index.php?rest_route=\/wp\/v2\/users\/1"}],"replies":[{"embeddable":true,"href":"https:\/\/www.heroesdeatacama.cl\/index.php?rest_route=%2Fwp%2Fv2%2Fcomments&post=708"}],"version-history":[{"count":967,"href":"https:\/\/www.heroesdeatacama.cl\/index.php?rest_route=\/wp\/v2\/pages\/708\/revisions"}],"predecessor-version":[{"id":3135,"href":"https:\/\/www.heroesdeatacama.cl\/index.php?rest_route=\/wp\/v2\/pages\/708\/revisions\/3135"}],"wp:attachment":[{"href":"https:\/\/www.heroesdeatacama.cl\/index.php?rest_route=%2Fwp%2Fv2%2Fmedia&parent=708"}],"curies":[{"name":"wp","href":"https:\/\/api.w.org\/{rel}","templated":true}]}}