{"id":3,"date":"2022-03-01T14:57:06","date_gmt":"2022-03-01T14:57:06","guid":{"rendered":"https:\/\/www.heroesdeatacama.cl\/?page_id=3"},"modified":"2023-11-20T09:38:51","modified_gmt":"2023-11-20T13:38:51","slug":"politica-privacidad","status":"publish","type":"page","link":"https:\/\/www.heroesdeatacama.cl\/?page_id=3","title":{"rendered":"POL\u00cdTICA INSTITUCIONAL"},"content":{"rendered":"\t\t<div data-elementor-type=\"wp-page\" data-elementor-id=\"3\" class=\"elementor elementor-3\">\n\t\t\t\t\t\t<section class=\"elementor-section elementor-top-section elementor-element elementor-element-7c73a0cb elementor-section-boxed elementor-section-height-default elementor-section-height-default\" data-id=\"7c73a0cb\" data-element_type=\"section\">\n\t\t\t\t\t\t<div class=\"elementor-container elementor-column-gap-default\">\n\t\t\t\t\t<div class=\"elementor-column elementor-col-100 elementor-top-column elementor-element elementor-element-2eba37a6\" data-id=\"2eba37a6\" data-element_type=\"column\">\n\t\t\t<div class=\"elementor-widget-wrap elementor-element-populated\">\n\t\t\t\t\t\t<div class=\"elementor-element elementor-element-d747156 elementor-widget elementor-widget-video\" data-id=\"d747156\" data-element_type=\"widget\" data-settings=\"{&quot;video_type&quot;:&quot;hosted&quot;,&quot;autoplay&quot;:&quot;yes&quot;,&quot;play_on_mobile&quot;:&quot;yes&quot;,&quot;loop&quot;:&quot;yes&quot;,&quot;controls&quot;:&quot;yes&quot;}\" data-widget_type=\"video.default\">\n\t\t\t\t<div class=\"elementor-widget-container\">\n\t\t\t\t\t\t\t<div class=\"e-hosted-video elementor-wrapper elementor-open-inline\">\n\t\t\t\t\t<video class=\"elementor-video\" src=\"https:\/\/www.heroesdeatacama.cl\/wp-content\/uploads\/2022\/11\/Orange-Futuristic-Display-Intro-Live-Stream-Youtube-Ad.mp4\" autoplay=\"\" loop=\"\" controls=\"\" playsinline=\"\" controlsList=\"nodownload\"><\/video>\n\t\t\t\t<\/div>\n\t\t\t\t\t\t<\/div>\n\t\t\t\t<\/div>\n\t\t\t\t<div class=\"elementor-element elementor-element-162f4d11 elementor-widget elementor-widget-text-editor\" data-id=\"162f4d11\" data-element_type=\"widget\" data-widget_type=\"text-editor.default\">\n\t\t\t\t<div class=\"elementor-widget-container\">\n\t\t\t\t\t\t\t\t\t\n<h4>La Pol\u00edtica institucional del Colegio\uf0d2H\u00e9roes de Atacama, se enmarca en las Pol\u00edticas P\u00fablicas del Ministerio<br \/>de Educaci\u00f3n del Gobierno de Chile y plantea, junto a su Misi\u00f3n y Visi\u00f3n, los siguientes objetivos:<br \/>\u27a2 Educar con sentido c\u00edvico, para que el alumno pueda convivir con los dem\u00e1s identificando su posici\u00f3n<br \/>y su funci\u00f3n que desempe\u00f1a en la sociedad, pudiendo as\u00ed entender y acatar las normas y principios<br \/>de comportamiento en la comunidad.<br \/>\u27a2 Educar coherente con la Visi\u00f3n y la Misi\u00f3n del Liceo para contribuir al desarrollo social, econ\u00f3mico y<br \/>cultural del Pa\u00eds.<br \/>\u27a2 Educar con sentido democr\u00e1tico, para que reconozca, acepte y respete que nuestros derechos<br \/>terminan, donde comienza el derecho de los dem\u00e1s.<br \/>\u27a2 Educar con sentido de Emprendimiento e innovaci\u00f3n estimulando la creatividad y la investigaci\u00f3n.<br \/>\u27a2 Educar promoviendo una gran responsabilidad en el cuidado de nuestro medio ambiente y la salud<br \/>alimentaria de las personas.<br \/>\u27a2 Educar basado en los valores de la Patria, la Familia, el Trabajo, la Sociedad, Responsabilidad, la<br \/>Tolerancia y el Pensamiento Cr\u00edtico.<br \/>\u27a2 Educar con integralidad, para permitir el desarrollo de todas las facultades del individuo para que<br \/>nuestro estudiante en todo su proceso de formaci\u00f3n profesional se sienta estimulado, dignificado y<br \/>part\u00edcipe de \u00e9ste para que pueda entregar lo mejor de s\u00ed mismo y construir su proyecto de vida, tanto<br \/>en una educaci\u00f3n continua T\u00e9cnico Profesional o Human\u00edstico-Cient\u00edfico en la educaci\u00f3n superior.<br \/>\u27a2 Educar con equilibrio entre la teor\u00eda y la pr\u00e1ctica, para que ambas se armonicen en el proceso<br \/>ense\u00f1anza-aprendizaje, logrando la contextualizaci\u00f3n de los contenidos y fortalecimiento de las<br \/>competencias laborales necesarias en los futuros profesionales.<\/h4>\n\t\t\t\t\t\t\t\t<\/div>\n\t\t\t\t<\/div>\n\t\t\t\t\t<\/div>\n\t\t<\/div>\n\t\t\t\t\t<\/div>\n\t\t<\/section>\n\t\t\t\t<\/div>\n\t\t","protected":false},"excerpt":{"rendered":"<p>https:\/\/www.heroesdeatacama.cl\/wp-content\/uploads\/2022\/11\/Orange-Futuristic-Display-Intro-Live-Stream-Youtube-Ad.mp4 La Pol\u00edtica institucional del Colegio\uf0d2H\u00e9roes de Atacama, se enmarca en las Pol\u00edticas P\u00fablicas del Ministeriode Educaci\u00f3n del Gobierno de Chile y plantea, junto a su Misi\u00f3n y Visi\u00f3n, los siguientes objetivos:\u27a2 Educar con sentido c\u00edvico, para que el alumno pueda convivir con los dem\u00e1s identificando su posici\u00f3ny su funci\u00f3n que desempe\u00f1a en la sociedad, [&hellip;]<\/p>\n","protected":false},"author":1,"featured_media":0,"parent":0,"menu_order":0,"comment_status":"closed","ping_status":"closed","template":"","meta":{"footnotes":""},"class_list":["post-3","page","type-page","status-publish","hentry"],"_links":{"self":[{"href":"https:\/\/www.heroesdeatacama.cl\/index.php?rest_route=\/wp\/v2\/pages\/3","targetHints":{"allow":["GET"]}}],"collection":[{"href":"https:\/\/www.heroesdeatacama.cl\/index.php?rest_route=\/wp\/v2\/pages"}],"about":[{"href":"https:\/\/www.heroesdeatacama.cl\/index.php?rest_route=\/wp\/v2\/types\/page"}],"author":[{"embeddable":true,"href":"https:\/\/www.heroesdeatacama.cl\/index.php?rest_route=\/wp\/v2\/users\/1"}],"replies":[{"embeddable":true,"href":"https:\/\/www.heroesdeatacama.cl\/index.php?rest_route=%2Fwp%2Fv2%2Fcomments&post=3"}],"version-history":[{"count":18,"href":"https:\/\/www.heroesdeatacama.cl\/index.php?rest_route=\/wp\/v2\/pages\/3\/revisions"}],"predecessor-version":[{"id":1898,"href":"https:\/\/www.heroesdeatacama.cl\/index.php?rest_route=\/wp\/v2\/pages\/3\/revisions\/1898"}],"wp:attachment":[{"href":"https:\/\/www.heroesdeatacama.cl\/index.php?rest_route=%2Fwp%2Fv2%2Fmedia&parent=3"}],"curies":[{"name":"wp","href":"https:\/\/api.w.org\/{rel}","templated":true}]}}